{"id":43,"date":"2020-02-24T15:28:54","date_gmt":"2020-02-24T15:28:54","guid":{"rendered":"http:\/\/norbertsackconsulting.de\/?page_id=43"},"modified":"2020-03-19T14:10:16","modified_gmt":"2020-03-19T14:10:16","slug":"privacy-policy-and-declarations-of-consent","status":"publish","type":"page","link":"https:\/\/norbertsackconsulting.de\/?page_id=43","title":{"rendered":"Privacy Policy and Declarations of Consent"},"content":{"rendered":"\t\t<div data-elementor-type=\"wp-page\" data-elementor-id=\"43\" class=\"elementor elementor-43\">\n\t\t\t\t\t\t<section class=\"elementor-section elementor-top-section elementor-element elementor-element-9d2bf03 elementor-section-boxed elementor-section-height-default elementor-section-height-default\" data-id=\"9d2bf03\" data-element_type=\"section\" data-e-type=\"section\">\n\t\t\t\t\t\t<div class=\"elementor-container elementor-column-gap-default\">\n\t\t\t\t\t<div class=\"elementor-column elementor-col-100 elementor-top-column elementor-element elementor-element-a406f4a\" data-id=\"a406f4a\" data-element_type=\"column\" data-e-type=\"column\">\n\t\t\t<div class=\"elementor-widget-wrap elementor-element-populated\">\n\t\t\t\t\t\t<div class=\"elementor-element elementor-element-7c8b548 elementor-widget elementor-widget-text-editor\" data-id=\"7c8b548\" data-element_type=\"widget\" data-e-type=\"widget\" data-widget_type=\"text-editor.default\">\n\t\t\t\t<div class=\"elementor-widget-container\">\n\t\t\t\t\t\t\t\t\t<p>Datenschutzerkl\u00e4rung<\/p><p>Wir messen dem Datenschutz gro\u00dfe Bedeutung bei. Die Erhebung und Verarbeitung Ihrer personenbezogenen Daten geschieht unter Beachtung der geltenden datenschutzrechtlichen Vorschriften, insbesondere der EU-Datenschutzgrundverordnung (DSGVO). Wir erheben und verarbeiten Ihre personenbezogenen Daten, um Ihnen unsere Internetseite sowie unsere Leistungen anbieten zu k\u00f6nnen. Gem. Art. 13 DSGVO beschreiben wir in dieser Erkl\u00e4rung, welche Daten in welcher Art und zu welchem Zweck und Umfang bei uns verwendet werden und welche Wahlm\u00f6glichkeiten und Rechte Sie im Zusammenhang mit der Verwendung Ihrer personenbezogenen Daten haben.<\/p><p>\u00a0<\/p><ol><li>Verantwortliche Stelle<\/li><\/ol><p>F\u00fcr die Einhaltung des Datenschutzes auf unserer Seite ist Dr. Norbert Sack, Schweitzerstr.18, 14169 Berlin, verantwortlich. Einen Datenschutzbeauftragten haben wir nicht ernannt.<\/p><p>F\u00fcr datenschutzrechtliche Anfragen stehen wir Ihnen gern zur Verf\u00fcgung. Hierzu haben Sie die folgenden Kontaktm\u00f6glichkeiten:<\/p><p>Tel.: +49 1738833015<\/p><p>E-Mail: Norbert.Sack@norbertsackconsulting.de<\/p><p>\u00a0<\/p><ol start=\"2\"><li>Datenerfassung auf unserer Internetseite<\/li><\/ol><p>2.1 Server-Logfiles<\/p><p>Insoweit Sie unsere Internetseite aufrufen, werden automatisch Informationen durch Ihren Browser an den Server unserer Internetseite \u00fcbertragen. Die Speicherung dieser Informationen erfolgt nur kurzzeitig in einem sogenannten Logfile und wird automatisiert gel\u00f6scht.<\/p><p>Dies umfasst folgende Daten:<\/p><ul><li>Ihre IP-Adresse,<\/li><li>Datum und Uhrzeit des Aufrufs,<\/li><li>Name und URL der von Ihnen aufgerufenen Datei,<\/li><li>Website, von welcher der Aufruf erfolgt (Referrer-URL),<\/li><li>Informationen zu dem von Ihnen verwendeten Browser sowie Betriebssystem,<\/li><li>Name Ihres Access-Providers.<\/li><\/ul><p>Diese Daten werden zum Zwecke der Gew\u00e4hrleistung eines reibungslosen Verbindungsaufbaus und einer komfortablen Nutzung unserer Internetseite sowie zur Auswertung der Systemsicherheit und\u00a0\u00a0\u00a0 -stabilit\u00e4t verwendet.<\/p><p>Die Rechtsgrundlage f\u00fcr die Datenverarbeitung ergibt sich aus Art. 6 Abs. 1 S. 1 lit. f DSGVO., da wir aus den vorgenannten Zwecken ein berechtigtes Interesse zur Datenerhebung haben. Zudem ergibt sich eine Rechtsgrundlage ebenso aus Art. 6 Abs. 1 lit. b DSGVO zur Verarbeitung von Daten zur Erf\u00fcllung eines Vertrags oder vorvertraglicher Ma\u00dfnahmen.<\/p><p>Die Daten werden nicht dazu verwendet, R\u00fcckschl\u00fcsse auf Ihre Person zu ziehen.<\/p><p>\u00a0<\/p><p>2.2 Kommunikation per E-Mail<\/p><p>Sie k\u00f6nnen uns auch per E-Mail direkt anschreiben. Bei einem Anschreiben per E-Mail erhalten wir zumindest Ihre E-Mail-Adresse. Alle weiteren angegebenen Daten sind optional. Die Datenerhebung erfolgt zum Zwecke der Anbahnung oder Durchf\u00fchrung von Vertragsverh\u00e4ltnissen gem. Art. 6 Abs. 1 lit. b DSGVO Insoweit Ihre Anfrage nicht zur Anbahnung oder Durchf\u00fchrung eines Vertrages gerichtet ist, haben wir trotzdem ein berechtigtes Interesse, Ihre Anfrage zu bearbeiten und zu beantworten. Insoweit richtet sich die Verwendung der personenbezogenen Daten zu diesem Zwecke nach Art. 6 Abs. 1 lit. f DSGVO.<\/p><p>Wir nutzen die von Ihnen angegebenen Daten ausschlie\u00dflich dazu, Ihre Anfrage zu bearbeiten. Insoweit Ihre Anfrage sich auf die Gesch\u00e4ftsanbahnung oder -durchf\u00fchrung richtet, l\u00f6schen wir Ihre Daten nach unseren unternehmensintern festgelegten L\u00f6schungsfristen.<\/p><p>Insoweit Ihre Anfrage auf einen anderen Zweck bezogen ist, l\u00f6schen wir Ihre Daten nach Bearbeitung, insoweit keine andere rechtliche Grundlage zur Datenspeicherung besteht.<\/p><p>\u00a0<\/p><p>2.3 Verarbeitung von Kunden-, Interessenten-, Bewerber,- und Vertragsdaten<\/p><p>Bei Gesch\u00e4ftsanbahnung, Vertragsabschluss und Vertragserf\u00fcllung verwenden wir Ihre hierzu notwendigen personenbezogenen Daten zu diesem Zwecke gem. Art. 6 Abs. 1 lit. b DSGVO. Dies betrifft insbesondere auch Bewerberdaten, die uns zum Zwecke der Vermittlung die entsprechenden personenbezogenen Daten z.B. in einem Lebenslauf schicken.<\/p><p>Eine Daten\u00fcbermittlung an Dritte erfolgt nur dann und insoweit diese zur vertragsgem\u00e4\u00dfen Erf\u00fcllung erforderlich ist, z. B. wenn ein Unternehmen f\u00fcr Produktion oder Transportdienstleistungen oder ein Kreditinstitut zur Zahlungsabwicklung beauftragt wurde.<\/p><p>Die L\u00f6schung dieser personenbezogenen Daten erfolgt nach Ablauf der gesetzlichen Gew\u00e4hrleistungsfristen bzw. nach Ende gesetzlicher Aufbewahrungsfristen.<\/p><p>\u00a0<\/p><p>2.4 Cookies<\/p><p>Unsere Internetseite beinhaltet Cookies. Cookies sind kleine Textdateien, die auf Ihrem Endger\u00e4t gespeichert werden. Sie helfen uns, Ihnen die Navigation durch unser Angebot zu erleichtern, und erm\u00f6glichen die korrekte Darstellung der Webseite. Sie sollen die Nutzerfreundlichkeit der Internetseite unterst\u00fctzen und sind selbstverst\u00e4ndlich vollkommen unsch\u00e4dlich f\u00fcr Ihr Endger\u00e4t. Es werden hierdurch Informationen tempor\u00e4r in Zusammenhang mit dem von Ihnen genutzten Endger\u00e4t und der von Ihnen genutzten Software erhoben. R\u00fcckschl\u00fcsse auf Ihre Identit\u00e4t werden hieraus nicht gezogen.<\/p><p>Wir setzen zum Beispiel sogenannte \u201eSession-Cookies\u201c ein. Diese Cookies werden nach Ihrem Besuch automatisch gel\u00f6scht. Auch setzen wir Cookies ein, die auf Ihrem Endger\u00e4t gespeichert werden, um Ihnen zum Beispiel bei einem weiteren Besuch die Anwendung unserer Seite zu erleichtern und Ihren Browser beim n\u00e4chsten Besuch wiederzuerkennen (\u201ePermanent-Cookies\u201c). Diese Cookies k\u00f6nnen nat\u00fcrlich jederzeit von Ihnen manuell gel\u00f6scht werden.<\/p><p>Die Cookies die f\u00fcr den Betrieb unserer Internetseite zwingend notwendig sind, also ohne die, unsere Internetseite nicht dargestellt werden kann, setzen wir zu diesem Zwecke zur Wahrung unserer berechtigten Interessen nach Art. 6 Abs. 1 S. 1 lit. f DSGVO ein. Diese werden nach einer jeweils definierten Zeit automatisch gel\u00f6scht.<\/p><p>Die Cookies die f\u00fcr die Abwicklung von Vertr\u00e4gen oder zum vertraglich vereinbarten Gebrauch unserer Internetseite erforderlich sind, setzen wir des Art. 6 Abs. 1 S. 1 lit. b DSGVO ein. Diese werden nach einer jeweils definierten Zeit automatisch gel\u00f6scht.<\/p><p>Selbstverst\u00e4ndlich k\u00f6nnen Sie unsere Internetseite auch ohne Cookies betrachten. Hierzu m\u00fcssen Sie das Speichern von Cookies auf Ihrer Festplatte verhindern, indem Sie in Ihren Browser-Einstellungen &#8222;keine Cookies akzeptieren&#8220; w\u00e4hlen. F\u00fcr eine genauere Beschreibung sehen Sie bitte die Anleitung Ihres Browser-Herstellers ein. Auch k\u00f6nnen Sie die Deaktivierungsseite der Netzwerkwerbeinitiative (http:\/\/optout.networkadvertising.org\/) und zus\u00e4tzlich die US-amerikanische Webseite (http:\/\/www.aboutads.info\/choices) oder die europ\u00e4ische Webseite (http:\/\/www.youronlinechoices.com\/uk\/your-ad-choices\/) zur Deaktivierung von Cookies verwenden. Wenn Sie keine Cookies akzeptieren, kann dies zu Funktionseinschr\u00e4nkungen auf unserer Internetseite f\u00fchren.<\/p><p>\u00a0<\/p><p>2.5 Google Ajax &amp; jQuery Bibliotheken, Google Webfonts<\/p><p>Auf Grundlage des Art. 6 Abs. 1 S. 1 lit. f DSGVO nutzen wir zum Zwecke einer kundenfreundlichen und ansprechen Darstellung unserer Seite Google Ajax &amp; jQuery Bibliotheken, Google Webfonts der Firma Google LLC, 1600 AmphitheatreParkway, Mountain View, CA 94043 USA, nachfolgend \u201eGoogle\u201c. Hierbei werden Programmbibliotheken sowie Schriftarten durch Ihren Browser von Google abgerufen und in den Browsercache geladen, um Inhalte, Texte und Schriftarten richtig anzuzeigen. Hierbei k\u00f6nnen Informationen zu Ihrem Provider, Betriebssystem, Browser sowie Ihre IP-Adresse zu Google \u00fcbertragen werden.<\/p><p>Es gelten hierbei die Datenschutzbestimmungen von Google:<\/p><p>https:\/\/www.google.com\/policies\/privacy\/<\/p><p>Google h\u00e4lt das europ\u00e4ische Datenschutzrecht ein und ist unter dem Privacy-Shield-Abkommen zertifiziert: <a href=\"https:\/\/www.privacyshield.gov\/participant?id=a2zt000000001L5AAI\">https:\/\/www.privacyshield.gov\/participant?id=a2zt000000001L5AAI<\/a><\/p><p>\u00a0<\/p><p>2.6 Xing<\/p><p>Aufgrund unseres berechtigten Interesses an der Erh\u00f6hung unseres Bekanntheitsgrades (im Sinne des Art. 6 Abs. 1 lit. f. DSGVO) binden wir auf unserer Internetseite die Funktionen des Netzwerks XING der XING AG, Dammtorstra\u00dfe 29-32, 20354 Hamburg, Deutschland, ein. Bei jedem Aufruf unserer Seite, in dem die Funktionen von Xing eingebunden sind, wird eine Verbindung zu Servern von Xing hergestellt. Eine Speicherung von personenbezogenen Daten erfolgt dabei nicht. Insbesondere werden keine IP-Adressen an Xing \u00fcbertragen. Weitere Informationen erhalten Sie in der Datenschutzerkl\u00e4rung von Xing unter: <a href=\"https:\/\/www.xing.com\/app\/share?op=data_protection\">https:\/\/www.xing.com\/app\/share?op=data_protection<\/a><\/p><p>\u00a0<\/p><p>2.7 LinkedIn<\/p><p>Aufgrund Ihrer Einwilligung (im Sinne des Art. 6 Abs. 1 lit. a. DSGVO) binden wir auf unserer Internetseite die Plug-ins der LinkedIn Corporation, 2029 Stierlin Court, Mountain View, CA 94043, USA, ein. Sie erkennen die Plug-ins an dem LinkedIn-Logo.<\/p><p>Insoweit Sie Ihre Einwilligung gegeben haben, stellt das Plug-in eine direkte Verbindung zwischen Ihrem Browser und den LinkedIn -Servern her. Wir haben keinerlei Einfluss auf die Natur und den Umfang der Daten, welche das Plug-in an die Server von LinkedIn \u00fcbermittelt. Informationen dazu finden Sie hier: https:\/\/www.linkedin.com\/legal\/privacy-policy, Opt-Out: https:\/\/www.linkedin.com\/psettings\/guest-controls\/retargeting-opt-out.<\/p><p>Das Plug-in informiert LinkedIn dar\u00fcber, dass Sie als Nutzer diese Website besucht haben. Es besteht hierbei die M\u00f6glichkeit, dass Ihre IP-Adresse gespeichert wird. Sind Sie w\u00e4hrend des Besuchs auf dieser Website in Ihrem LinkedIn-Account eingeloggt, werden die genannten Informationen mit diesem verkn\u00fcpft.<\/p><p>Nutzen Sie die Funktionen des Plug-ins &#8211; etwa indem Sie den LinkedIn-Button verwenden &#8211; werden die entsprechenden Informationen ebenfalls an LinkedIn \u00fcbermittelt.<\/p><p>M\u00f6chten Sie verhindern, dass LinkedIn diese Daten mit Ihrem LinkedIn-Account verkn\u00fcpft, loggen Sie sich bitte vor dem Besuch dieser Website bei LinkedIn aus und l\u00f6schen Sie die gespeicherten Cookies.<\/p><p>LinkedIn ist unter dem Privacy-Shield-Abkommen zertifiziert: https:\/\/www.privacyshield.gov\/participant?id=a2zt0000000L0UZAA0&amp;status=Active.<\/p><p>\u00a0<\/p><ol start=\"3\"><li>Weitergabe von Daten<\/li><\/ol><p>Ihre personenbezogenen Daten werden grunds\u00e4tzlich nicht an Dritte \u00fcbermittelt. Allerdings k\u00f6nnen Daten ausnahmsweise aus den folgenden Gr\u00fcnden \u00fcbermittelt werden:<\/p><ul><li>insoweit Sie Ihre ausdr\u00fcckliche Einwilligung erteilt haben, Art. 6 Abs. 1 S. 1 lit. a DSGVO<\/li><li>insoweit die Weitergabe nach Art. 6 Abs. 1 S. 1 lit. f DSGVO erforderlich ist und kein \u00fcberwiegendes schutzw\u00fcrdiges Interesse an der Nichtweitergabe Ihrer Daten besteht<\/li><li>insoweit wir zur Weitergabe der Daten gesetzlich verpflichtet sind, Art. 6 Abs. 1 S. 1 lit. c DSGVO<\/li><li>insoweit eine Weitergabe nach Art. 6 Abs. 1 S. 1 lit. b DSGVO f\u00fcr die Abwicklung von Vertragsverh\u00e4ltnissen mit Ihnen zul\u00e4ssig und erforderlich ist<\/li><\/ul><p>Insoweit eine Verarbeitung Ihrer Daten mittels von uns beauftragter Dritter erfolgt, geschieht dies auf Grundlage des Art. 28 DSGVO mittels eines Auftragsverarbeitungsvertrages.<\/p><p>\u00a0<\/p><ol start=\"4\"><li>Betroffenenrechte<\/li><\/ol><ul><li>Auskunftsrecht Art. 15 DSGVO<\/li><\/ul><p>Sie haben das Recht, von uns eine Best\u00e4tigung dar\u00fcber zu verlangen, ob wir von Ihnen personenbezogene Daten verarbeiten. Ist dies der Fall, so k\u00f6nnen Sie Auskunft \u00fcber diese personenbezogenen Daten und \u00fcber folgende Informationen verlangen:<\/p><ul><li>die Verarbeitungszwecke<\/li><li>die Kategorien personenbezogener Daten, die verarbeitet werden<\/li><li>die Empf\u00e4nger oder Kategorien von Empf\u00e4ngern, gegen\u00fcber denen die personenbezogenen Daten offengelegt worden sind oder noch offengelegt werden, insbesondere bei Empf\u00e4ngern in Drittl\u00e4ndern oder bei internationalen Organisationen<\/li><li>falls m\u00f6glich, die geplante Dauer, f\u00fcr die die personenbezogenen Daten gespeichert werden, oder, falls dies nicht m\u00f6glich ist, die Kriterien f\u00fcr die Festlegung dieser Dauer<\/li><li>das Bestehen eines Rechts auf Berichtigung oder L\u00f6schung der Sie betreffenden personenbezogenen Daten oder auf Einschr\u00e4nkung der Verarbeitung oder eines Widerspruchsrechts gegen diese Verarbeitung<\/li><li>das Bestehen eines Beschwerderechts bei einer Aufsichtsbeh\u00f6rde<\/li><li>wenn die personenbezogenen Daten nicht bei Ihnen erhoben werden, alle verf\u00fcgbaren Informationen \u00fcber die Herkunft der Daten<\/li><li>das Bestehen einer automatisierten Entscheidungsfindung einschlie\u00dflich Profiling gem\u00e4\u00df Artikel 22 Abs\u00e4tze 1 und 4 DSGVO und \u2013 zumindest in diesen F\u00e4llen \u2013 aussagekr\u00e4ftige Informationen \u00fcber die involvierte Logik sowie die Tragweite und die angestrebten Auswirkungen einer derartigen Verarbeitung f\u00fcr die betroffene Person<\/li><\/ul><p>\u00a0<\/p><ul><li>Berichtigungsrecht Art. 16 DSGVO<\/li><\/ul><p>Sie k\u00f6nnen unverz\u00fcglich die Berichtigung unrichtiger oder Vervollst\u00e4ndigung Ihrer bei uns gespeicherten personenbezogenen Daten verlangen.<\/p><ul><li>Recht auf L\u00f6schung (Recht auf Vergessenwerden) Ihrer Daten, Art. 17 DSGVO<\/li><\/ul><p>Sie k\u00f6nnen die L\u00f6schung Ihrer bei uns gespeicherten Daten verlangen, insoweit<\/p><ul><li>die personenbezogenen Daten nicht f\u00fcr die Zwecke, f\u00fcr die sie erhoben oder auf sonstige Weise verarbeitet wurden bzw. nicht mehr notwendig sind;<\/li><li>Sie Ihre Einwilligung, auf die sich die Verarbeitung gem\u00e4\u00df Artikel 6 Absatz 1 Buchstabe a DSGVO oder Artikel 9 Absatz 2 Buchstabe a DSGVO st\u00fctzt, widerrufen und es daraufhin an einer anderweitigen Rechtsgrundlage f\u00fcr die Verarbeitung fehlt;<\/li><li>Sie gem\u00e4\u00df Artikel 21 Absatz 1 DSGVO Widerspruch gegen die Verarbeitung einlegen und keine vorrangigen berechtigten Gr\u00fcnde f\u00fcr die Verarbeitung vorliegen oder Sie gem\u00e4\u00df Artikel 21 Absatz 2 DSGVO Widerspruch gegen die Verarbeitung einlegen;<\/li><li>die personenbezogenen Daten unrechtm\u00e4\u00dfig verarbeitet wurden;<\/li><li>die L\u00f6schung der personenbezogenen Daten zur Erf\u00fcllung einer rechtlichen Verpflichtung nach dem Unionsrecht oder dem Recht der Mitgliedstaaten erforderlich ist, dem Sie unterliegen;<\/li><li>die personenbezogenen Daten in Bezug auf angebotene Dienste der Informationsgesellschaft gem\u00e4\u00df Artikel 8 Absatz 1 DSGVO erhoben wurden.<\/li><\/ul><p>Wir sind bei Vorlage der Voraussetzungen zur L\u00f6schung verpflichtet, soweit nicht die Verarbeitung zur Aus\u00fcbung des Rechts auf freie Meinungs\u00e4u\u00dferung und Information, zur Erf\u00fcllung einer rechtlichen Verpflichtung, aus Gr\u00fcnden des \u00f6ffentlichen Interesses oder zur Geltendmachung, Aus\u00fcbung oder Verteidigung von Rechtsanspr\u00fcchen erforderlich ist.<\/p><p>\u00a0<\/p><ul><li>Recht auf Einschr\u00e4nkung der Verarbeitung, Art. 17 DSGVO<\/li><\/ul><p>Sie haben das Recht, von uns die Einschr\u00e4nkung der Verarbeitung zu verlangen, insoweit<\/p><ul><li>die Richtigkeit der personenbezogenen Daten von Ihnen bestritten wird, allerdings nur f\u00fcr die Dauer, die es uns erm\u00f6glicht, die Richtigkeit der Daten zu \u00fcberpr\u00fcfen;<\/li><li>die Verarbeitung unrechtm\u00e4\u00dfig ist und Sie nicht gleich die L\u00f6schung Ihrer personenbezogenen Daten m\u00f6chten, sondern stattdessen die Einschr\u00e4nkung der Nutzung der personenbezogenen Daten verlangen;<\/li><li>wir die personenbezogenen Daten f\u00fcr die Zwecke der Verarbeitung nicht l\u00e4nger ben\u00f6tigen, Sie diese jedoch zur Geltendmachung, Aus\u00fcbung oder Verteidigung von Rechtsanspr\u00fcchen ben\u00f6tigen, oder<\/li><li>Sie Widerspruch gegen die Verarbeitung gem\u00e4\u00df Artikel 21 Absatz 1 DSGVO eingelegt haben, solange noch nicht feststeht, ob die berechtigten Gr\u00fcnde unsererseits Ihnen gegen\u00fcber \u00fcberwiegen.<\/li><\/ul><p>Insoweit die Verarbeitung eingeschr\u00e4nkt ist, d\u00fcrfen wir Ihre personenbezogenen Daten \u2013 von ihrer Speicherung abgesehen \u2013 nur mit Ihrer Einwilligung oder zur Geltendmachung, Aus\u00fcbung oder Verteidigung von Rechtsanspr\u00fcchen oder zum Schutz der Rechte einer anderen nat\u00fcrlichen oder juristischen Person oder aus Gr\u00fcnden eines wichtigen \u00f6ffentlichen Interesses der Union oder eines Mitgliedstaats verarbeiten.<\/p><p>Bevor die Einschr\u00e4nkung aufgehoben wird, werden Sie nochmals unterrichtet.<\/p><p>\u00a0<\/p><ul><li>Recht auf Daten\u00fcbertragbarkeit Art. 20 DSGVO<\/li><\/ul><p>Sie haben das Recht, Ihre personenbezogenen Daten, die Sie uns bereitgestellt haben, in einem strukturierten, g\u00e4ngigen und maschinenlesbaren Format zu erhalten oder die \u00dcbermittlung an einen anderen Verantwortlichen zu verlangen.<\/p><p>\u00a0<\/p><ul><li>Widerspruchsrecht Art. 21 DSGVO<\/li><\/ul><p>Sie haben das Recht, gem\u00e4\u00df Art. 21 DSGVO, Widerspruch gegen die Verarbeitung Ihrer personenbezogenen Daten einzulegen, wenn diese aufgrund von berechtigtem Interesse gem\u00e4\u00df Art. 6 Abs. 1 S. 1 lit. f DSGVO verarbeitet werden. Dies gilt allerdings nur, wenn Gr\u00fcnde vorliegen, die sich aus Ihrer besonderen Situation ergeben oder sich der Widerspruch gegen Direktwerbung richtet.<\/p><p>\u00a0<\/p><ul><li>Widerrufsrecht Art. 7 Abs. 3 DSGVO<\/li><\/ul><p>Sie haben das Recht, Ihre gem. Art. 6 Abs. 1 S. 1 lit. a DSGVO erteilte Einwilligung jederzeit gegen\u00fcber uns zu widerrufen. Dieser Widerruf gilt ausschlie\u00dflich f\u00fcr die zuk\u00fcnftige Nutzung.<\/p><p>\u00a0<\/p><ul><li>Recht auf Beschwerde bei Aufsichtsbeh\u00f6rden<\/li><\/ul><p>Sie haben unbeschadet eines anderweitigen verwaltungsrechtlichen oder gerichtlichen Rechtsbehelfs das Recht auf Beschwerde bei einer Aufsichtsbeh\u00f6rde, insbesondere in dem Mitgliedstaat Ihres gew\u00f6hnlichen Aufenthaltsorts, Ihres Arbeitsplatzes oder unseres Firmensitzes, wenn Sie der Ansicht sind, dass die Verarbeitung der Sie betreffenden personenbezogenen Daten gegen die Datenschutzgrundverordnung verst\u00f6\u00dft.<\/p><p>\u00a0<\/p><p>Insoweit Sie von Ihren Betroffenenrechten Gebrauch machen m\u00f6chten, k\u00f6nnen Sie dies auch per E-Mail an die oben genannte E-Mail-Adresse einreichen.<\/p><p>\u00a0<\/p><ol start=\"5\"><li>Datensicherheit<\/li><\/ol><p>Diese Seite nutzt aus Sicherheitsgr\u00fcnden und zum Schutz der \u00dcbertragung vertraulicher Inhalte, wie zum Beispiel Anfragen, die Sie an uns als Seitenbetreiber senden, eine SSL- bzw. TLS-Verschl\u00fcsselung. dies erkennen Sie daran, dass die Adresszeile des Browsers von &#8222;http:\/\/&#8220; auf &#8222;https:\/\/&#8220; wechselt. Zudem ist in der Browserzeile ein Schlosssymbol zu sehen.<\/p><p>Wenn die SSL- bzw. TLS-Verschl\u00fcsselung aktiviert ist, k\u00f6nnen die Daten, die Sie an uns \u00fcbermitteln, nicht von Dritten mitgelesen werden.<\/p><p>Zudem haben wir Vorkehrungen in Form von technischen und organisatorischen Ma\u00dfnahmen getroffen, um Ihre Daten gegen zuf\u00e4llige oder vors\u00e4tzliche Manipulationen, teilweisen oder vollst\u00e4ndigen Verlust, Zerst\u00f6rung oder gegen den unbefugten Zugriff Dritter zu sch\u00fctzen.<\/p><p>\u00a0<\/p><ol start=\"6\"><li>Aktualit\u00e4t und \u00c4nderung dieser Datenschutzerkl\u00e4rung<\/li><\/ol><p>Diese Datenschutzerkl\u00e4rung ist aktuell g\u00fcltig und hat den Stand M\u00e4rz 2020.<\/p><p>\u00a0<\/p><p>Um zu gew\u00e4hrleisten, dass unsere Datenschutzerkl\u00e4rung stets den aktuellen gesetzlichen Vorgaben entspricht, behalten wir uns jederzeit \u00c4nderungen vor. Das gilt auch f\u00fcr den Fall, dass die Datenschutzerkl\u00e4rung aufgrund neuer oder \u00fcberarbeiteter Leistungen, zum Beispiel neuer Serviceleistungen, angepasst werden muss. Die neue Datenschutzerkl\u00e4rung greift dann bei Ihrem n\u00e4chsten Besuch auf unserem Angebot.<\/p><p>Unsere Datenschutzerkl\u00e4rung steht Ihnen auf unserer Seite jederzeit zur Einsicht und zum Ausdrucken zur Verf\u00fcgung.<\/p><p>\u00a0<\/p><ol start=\"7\"><li>Beanstandungen und Abmahnungen<\/li><\/ol><p>Sollten Sie sich in Ihren Rechten verletzt oder anderweitig benachteiligt sehen, bitten wir Sie, uns dies selbst mitzuteilen. Sie erhalten sodann eine pers\u00f6nliche individuelle Antwort. Im Rahmen Ihrer Schadensminderungspflicht weisen wir darauf hin, dass Kosten von einem durch Sie au\u00dfergerichtlich beauftragten Anwalt, ohne vorherige Kontaktaufnahme, nicht von uns \u00fcbernommen werden. Es besteht ausdr\u00fccklich kein Wille unsererseits, dass Sie einen Anwalt mit einer Unterlassungsaufforderung und\/ oder Abgabe einer strafbewehrten Unterlassungserkl\u00e4rung beauftragen. Auf einen mutma\u00dflichen Willen kann folglich nicht abgestellt werden.<\/p><p>\u00a0<\/p><p>Diese Datenschutzerkl\u00e4rung wurde erstellt von Rechtsanwalt Martin Jedwillat: <a href=\"http:\/\/www.advomare.de\">www.advomare.de<\/a><\/p><p>\u00a0<\/p>\t\t\t\t\t\t\t\t<\/div>\n\t\t\t\t<\/div>\n\t\t\t\t\t<\/div>\n\t\t<\/div>\n\t\t\t\t\t<\/div>\n\t\t<\/section>\n\t\t\t\t<\/div>\n\t\t","protected":false},"excerpt":{"rendered":"<p>Datenschutzerkl\u00e4rung Wir messen dem Datenschutz gro\u00dfe Bedeutung bei. Die Erhebung und Verarbeitung Ihrer personenbezogenen Daten geschieht unter Beachtung der geltenden datenschutzrechtlichen Vorschriften, insbesondere der EU-Datenschutzgrundverordnung (DSGVO). Wir erheben und verarbeiten Ihre personenbezogenen Daten, um Ihnen unsere Internetseite sowie unsere Leistungen anbieten zu k\u00f6nnen. Gem. Art. 13 DSGVO beschreiben wir in dieser Erkl\u00e4rung, welche Daten in &hellip; <\/p>\n<p class=\"link-more\"><a href=\"https:\/\/norbertsackconsulting.de\/?page_id=43\" class=\"more-link\"><span class=\"screen-reader-text\">\u201ePrivacy Policy and Declarations of Consent\u201c <\/span>weiterlesen<\/a><\/p>\n","protected":false},"author":1,"featured_media":0,"parent":0,"menu_order":0,"comment_status":"closed","ping_status":"closed","template":"","meta":{"footnotes":""},"class_list":["post-43","page","type-page","status-publish","hentry"],"aioseo_notices":[],"_links":{"self":[{"href":"https:\/\/norbertsackconsulting.de\/index.php?rest_route=\/wp\/v2\/pages\/43","targetHints":{"allow":["GET"]}}],"collection":[{"href":"https:\/\/norbertsackconsulting.de\/index.php?rest_route=\/wp\/v2\/pages"}],"about":[{"href":"https:\/\/norbertsackconsulting.de\/index.php?rest_route=\/wp\/v2\/types\/page"}],"author":[{"embeddable":true,"href":"https:\/\/norbertsackconsulting.de\/index.php?rest_route=\/wp\/v2\/users\/1"}],"replies":[{"embeddable":true,"href":"https:\/\/norbertsackconsulting.de\/index.php?rest_route=%2Fwp%2Fv2%2Fcomments&post=43"}],"version-history":[{"count":4,"href":"https:\/\/norbertsackconsulting.de\/index.php?rest_route=\/wp\/v2\/pages\/43\/revisions"}],"predecessor-version":[{"id":62,"href":"https:\/\/norbertsackconsulting.de\/index.php?rest_route=\/wp\/v2\/pages\/43\/revisions\/62"}],"wp:attachment":[{"href":"https:\/\/norbertsackconsulting.de\/index.php?rest_route=%2Fwp%2Fv2%2Fmedia&parent=43"}],"curies":[{"name":"wp","href":"https:\/\/api.w.org\/{rel}","templated":true}]}}